{"id":6108,"date":"2021-04-07T09:10:12","date_gmt":"2021-04-07T09:10:12","guid":{"rendered":"https:\/\/www.felmini.com\/?post_type=product&#038;p=6108"},"modified":"2026-02-01T07:22:04","modified_gmt":"2026-02-01T07:22:04","slug":"c684-anita","status":"publish","type":"product","link":"https:\/\/www.felmini.com\/pt\/product\/c684-anita\/","title":{"rendered":"C684 ANITA"},"content":{"rendered":"<p><strong>Composi\u00e7\u00e3o<\/strong><br \/>\nCano:CAMUR\u00c7A<br \/>\nForro:PELE<br \/>\nSola:SINTETICO<br \/>\nAcabamento:Serraje-Dot<\/p>\n<p><strong>Dimens\u00f5es<\/strong><br \/>\nAltura do Tacao:2 cm<br \/>\nAltura do Cano:6 cm<\/p>","protected":false},"excerpt":{"rendered":"<p>Sapatos em camur\u00e7a, com perfura\u00e7\u00e3o na pala, muito pr\u00e1ticos permitem ser utilizados como sapatos normais bem como umas mules.<\/p>\n","protected":false},"featured_media":6089,"comment_status":"open","ping_status":"closed","template":"","meta":[],"product_brand":[],"product_cat":[15],"product_tag":[],"class_list":{"0":"post-6108","1":"product","2":"type-product","3":"status-publish","4":"has-post-thumbnail","6":"product_cat-ss21-collection","8":"first","9":"instock","10":"shipping-taxable","11":"purchasable","12":"product-type-variable"},"_links":{"self":[{"href":"https:\/\/www.felmini.com\/pt\/wp-json\/wp\/v2\/product\/6108","targetHints":{"allow":["GET"]}}],"collection":[{"href":"https:\/\/www.felmini.com\/pt\/wp-json\/wp\/v2\/product"}],"about":[{"href":"https:\/\/www.felmini.com\/pt\/wp-json\/wp\/v2\/types\/product"}],"replies":[{"embeddable":true,"href":"https:\/\/www.felmini.com\/pt\/wp-json\/wp\/v2\/comments?post=6108"}],"wp:featuredmedia":[{"embeddable":true,"href":"https:\/\/www.felmini.com\/pt\/wp-json\/wp\/v2\/media\/6089"}],"wp:attachment":[{"href":"https:\/\/www.felmini.com\/pt\/wp-json\/wp\/v2\/media?parent=6108"}],"wp:term":[{"taxonomy":"product_brand","embeddable":true,"href":"https:\/\/www.felmini.com\/pt\/wp-json\/wp\/v2\/product_brand?post=6108"},{"taxonomy":"product_cat","embeddable":true,"href":"https:\/\/www.felmini.com\/pt\/wp-json\/wp\/v2\/product_cat?post=6108"},{"taxonomy":"product_tag","embeddable":true,"href":"https:\/\/www.felmini.com\/pt\/wp-json\/wp\/v2\/product_tag?post=6108"}],"curies":[{"name":"wp","href":"https:\/\/api.w.org\/{rel}","templated":true}]}}