{"id":5914,"date":"2021-03-25T12:23:58","date_gmt":"2021-03-25T12:23:58","guid":{"rendered":"https:\/\/www.felmini.com\/?post_type=product&#038;p=5914"},"modified":"2024-12-07T07:06:19","modified_gmt":"2024-12-07T07:06:19","slug":"c639-carolina3","status":"publish","type":"product","link":"https:\/\/www.felmini.com\/pt\/product\/c639-carolina3\/","title":{"rendered":"C639 CAROLINA3"},"content":{"rendered":"<p><strong>Composi\u00e7\u00e3o<\/strong><br \/>\nCano:PELE<br \/>\nForro:Sem Forro<br \/>\nSola:SINTETICO<br \/>\nAcabamento:Anilina<\/p>\n<p><strong>Dimens\u00f5es<\/strong><br \/>\nAltura do Tacao:2 cm<\/p>","protected":false},"excerpt":{"rendered":"<p>Sand\u00e1lias rasas em pele branca e com detalhe em perfura\u00e7\u00e3o lazer.<\/p>\n","protected":false},"featured_media":5916,"comment_status":"open","ping_status":"closed","template":"","meta":[],"product_brand":[],"product_cat":[15],"product_tag":[],"class_list":{"0":"post-5914","1":"product","2":"type-product","3":"status-publish","4":"has-post-thumbnail","6":"product_cat-ss21-collection","8":"first","9":"instock","10":"shipping-taxable","11":"purchasable","12":"product-type-variable"},"_links":{"self":[{"href":"https:\/\/www.felmini.com\/pt\/wp-json\/wp\/v2\/product\/5914","targetHints":{"allow":["GET"]}}],"collection":[{"href":"https:\/\/www.felmini.com\/pt\/wp-json\/wp\/v2\/product"}],"about":[{"href":"https:\/\/www.felmini.com\/pt\/wp-json\/wp\/v2\/types\/product"}],"replies":[{"embeddable":true,"href":"https:\/\/www.felmini.com\/pt\/wp-json\/wp\/v2\/comments?post=5914"}],"wp:featuredmedia":[{"embeddable":true,"href":"https:\/\/www.felmini.com\/pt\/wp-json\/wp\/v2\/media\/5916"}],"wp:attachment":[{"href":"https:\/\/www.felmini.com\/pt\/wp-json\/wp\/v2\/media?parent=5914"}],"wp:term":[{"taxonomy":"product_brand","embeddable":true,"href":"https:\/\/www.felmini.com\/pt\/wp-json\/wp\/v2\/product_brand?post=5914"},{"taxonomy":"product_cat","embeddable":true,"href":"https:\/\/www.felmini.com\/pt\/wp-json\/wp\/v2\/product_cat?post=5914"},{"taxonomy":"product_tag","embeddable":true,"href":"https:\/\/www.felmini.com\/pt\/wp-json\/wp\/v2\/product_tag?post=5914"}],"curies":[{"name":"wp","href":"https:\/\/api.w.org\/{rel}","templated":true}]}}