{"id":7934,"date":"2023-05-30T10:52:49","date_gmt":"2023-05-30T10:52:49","guid":{"rendered":"https:\/\/www.felmini.com\/?page_id=7934"},"modified":"2023-05-30T13:28:59","modified_gmt":"2023-05-30T13:28:59","slug":"50years","status":"publish","type":"page","link":"https:\/\/www.felmini.com\/pt\/50years\/","title":{"rendered":"50 Anos"},"content":{"rendered":"<div class=\"wpb-content-wrapper\"><p>[vc_row content_text_aligment=&#8221;center&#8221;][vc_column]<div class=\"eltdf-parallax-holder eltdf-vertical-middle-align\" data-parallax-speed=\"1\" style=\"background-image: url(https:\/\/www.felmini.com\/wp-content\/uploads\/2023\/05\/banner-site-Felmini-SS234.jpg);min-height: 500px;height: 500px\">\n\t<div class=\"eltdf-parallax-inner\">\n\t\t<div class=\"eltdf-elements-holder eltdf-one-column eltdf-responsive-mode-768\" ><div class=\"eltdf-eh-item eltdf-horizontal-alignment-center\"  data-item-class=\"eltdf-eh-custom-727578\" data-1280-1600=\"15% 30% 15% 30%\" data-1024-1280=\"2.7% 26% 4.4% 26%\" data-768-1024=\"14% 20% 15% 20%\" data-600-768=\"14% 20% 15% 20%\" data-480-600=\"14% 13% 16% 13%\" data-480=\"14% 13% 16% 13%\">\n\t<div class=\"eltdf-eh-item-inner\">\n\t\t<div class=\"eltdf-eh-item-content eltdf-eh-custom-727578\" style=\"padding: 14% 36% 15% 38%\">\n\t\t\t[vc_column_text]<\/p>\n<div class=\"page\" title=\"Page 1\">\n<div class=\"section\">\n<div class=\"layoutArea\">\n<div class=\"column\">\n<h2 style=\"text-align: center;\"><span style=\"color: #ffffff;\">COLE\u00c7\u00c3O 50 ANOS<\/span><\/h2>\n<\/div>\n<\/div>\n<\/div>\n<\/div>\n<p>[\/vc_column_text]<div class=\"eltdf-separator-holder clearfix  eltdf-separator-center eltdf-separator-normal\">\n\t<div class=\"eltdf-separator\" style=\"border-color: #ffffff;width: 10%;border-bottom-width: 3px\"><\/div>\n<\/div>\n\t\t<\/div>\n\t<\/div>\n<\/div><\/div>\t<\/div>\n<\/div>\n[vc_empty_space height=&#8221;4px&#8221;]<div class=\"eltdf-elements-holder eltdf-two-columns eltdf-responsive-mode-768\" ><div class=\"eltdf-eh-item \"  data-item-class=\"eltdf-eh-custom-692928\" data-1280-1600=\"17% 12% 22% 14%\" data-1024-1280=\"17% 12% 22% 14%\" data-768-1024=\"0% 15% 0% 0%\" data-600-768=\"15% 0% 0% 7%\" data-480-600=\"15% 0% 10% 1%\" data-480=\"15% 0% 10% 1%\">\n\t<div class=\"eltdf-eh-item-inner\">\n\t\t<div class=\"eltdf-eh-item-content eltdf-eh-custom-692928\" style=\"padding: 17% 12% 22% 14%\">\n\t\t\t[vc_column_text]<\/p>\n<p style=\"text-align: left;\">Para comemorar os 50 anos da marca Felmini, cri\u00e1mos uma edi\u00e7\u00e3o especial de botas, com v\u00e1rios pormenores que marcam este marco na sua hist\u00f3ria, como o log\u00f3tipo \u201c50 anos\u201d nos bot\u00f5es e solas.<\/p>\n<p style=\"text-align: left;\">Estes modelos representam bem o que s\u00e3o as botas Felmini: pr\u00e1ticas, leves e confort\u00e1veis. Produzido em couro leg\u00edtimo e com aten\u00e7\u00e3o especial ao acabamento, com um toque vintage que caracteriza a marca.<\/p>\n<p>[\/vc_column_text]\t\t<\/div>\n\t<\/div>\n<\/div><div class=\"eltdf-eh-item \"  data-item-class=\"eltdf-eh-custom-837227\" data-768-1024=\"27% 0% 27% 0%\" data-600-768=\"12% 0% 12% 0%\" data-480-600=\"4% 0% 13% 0%\" data-480=\"4% 0% 13% 0%\">\n\t<div class=\"eltdf-eh-item-inner\">\n\t\t<div class=\"eltdf-eh-item-content eltdf-eh-custom-837227\" style=\"padding: 13% 12% 13% 4%\">\n\t\t\t[vc_single_image image=&#8221;7851&#8243; img_size=&#8221;full&#8221; alignment=&#8221;center&#8221;]\t\t<\/div>\n\t<\/div>\n<\/div><\/div><div class=\"eltdf-parallax-holder eltdf-vertical-middle-align\" data-parallax-speed=\"1\" style=\"background-image: url(https:\/\/www.felmini.com\/wp-content\/uploads\/2023\/05\/banner-site-Felmini-SS235.jpg);min-height: 500px;height: 500px\">\n\t<div class=\"eltdf-parallax-inner\">\n\t\t<div class=\"eltdf-elements-holder eltdf-one-column eltdf-responsive-mode-768\" ><div class=\"eltdf-eh-item \"  data-item-class=\"eltdf-eh-custom-309809\">\n\t<div class=\"eltdf-eh-item-inner\">\n\t\t<div class=\"eltdf-eh-item-content eltdf-eh-custom-309809\" >\n\t\t\t[vc_column_text]<\/p>\n<h2 style=\"text-align: center;\"><span style=\"color: #ffffff;\">INFO COLE\u00c7\u00c3O<\/span><\/h2>\n<p>[\/vc_column_text]\t\t<\/div>\n\t<\/div>\n<\/div><\/div>\t<\/div>\n<\/div>\n[\/vc_column][\/vc_row][vc_row row_content_width=&#8221;grid&#8221;][vc_column css=&#8221;.vc_custom_1645122421559{margin-right: 6px !important;margin-left: 6px !important;border-right-width: 6px !important;border-left-width: 6px !important;padding-right: 6px !important;padding-left: 6px !important;}&#8221;]<div class=\"eltdf-elements-holder eltdf-two-columns eltdf-responsive-mode-768\" ><div class=\"eltdf-eh-item \"  data-item-class=\"eltdf-eh-custom-736444\" data-768-1024=\"27% 0% 27% 0%\" data-600-768=\"12% 0% 12% 0%\" data-480-600=\"13% 1% 13% 1%\" data-480=\"13% 1% 13% 1%\">\n\t<div class=\"eltdf-eh-item-inner\">\n\t\t<div class=\"eltdf-eh-item-content eltdf-eh-custom-736444\" style=\"padding: 13% 12% 13% 7%\">\n\t\t\t[vc_single_image image=&#8221;7926&#8243; img_size=&#8221;full&#8221; alignment=&#8221;center&#8221;]\t\t<\/div>\n\t<\/div>\n<\/div><div class=\"eltdf-eh-item eltdf-vertical-alignment-top\"  data-item-class=\"eltdf-eh-custom-660374\" data-1280-1600=\"7% 23% 10% 3%\" data-1024-1280=\"7% 23% 10% 3%\" data-768-1024=\"0% 0% 0% 15%\" data-600-768=\"0% 7% 15% 0%\" data-480-600=\"1% 0% 19% 1%\" data-480=\"1% 0% 19% 1%\">\n\t<div class=\"eltdf-eh-item-inner\">\n\t\t<div class=\"eltdf-eh-item-content eltdf-eh-custom-660374\" style=\"padding: 7% 23% 10% 3%\">\n\t\t\t[vc_column_text css=&#8221;.vc_custom_1685447942278{margin-top: 16px !important;}&#8221;]<\/p>\n<h2>EDITION D658 LECROIX+MARVIN BORDEAUX<\/h2>\n<p>[\/vc_column_text]<div class=\"eltdf-separator-holder clearfix  eltdf-separator-left eltdf-separator-normal\">\n\t<div class=\"eltdf-separator\" style=\"border-color: #ffffff;width: 10%;border-bottom-width: 2px;margin-top: 5px;margin-bottom: 5px\"><\/div>\n<\/div>\n[vc_column_text]<\/p>\n<div class=\"wpb_text_column wpb_content_element \">\n<div class=\"wpb_wrapper\">\n<p>Upper \u2013 Leather I Lining \u2013 Textile<br \/>\n(50% organic cotton + 50% recycled polyester) Insole \u2013 Leather I Sole \u2013 Synthetic<br \/>\nHeel Height \u2013 3cm<br \/>\nShaft Height \u2013 16cm(Size 37)<br \/>\nCloser Type \u2013 Zip<\/p>\n<\/div>\n<\/div>\n<p>[\/vc_column_text]\t\t<\/div>\n\t<\/div>\n<\/div><\/div><div class=\"eltdf-elements-holder eltdf-two-columns eltdf-responsive-mode-768\" ><div class=\"eltdf-eh-item \"  data-item-class=\"eltdf-eh-custom-677431\" data-768-1024=\"27% 0% 27% 0%\" data-600-768=\"12% 0% 12% 0%\" data-480-600=\"13% 1% 13% 1%\" data-480=\"13% 1% 13% 1%\">\n\t<div class=\"eltdf-eh-item-inner\">\n\t\t<div class=\"eltdf-eh-item-content eltdf-eh-custom-677431\" style=\"padding: 13% 12% 13% 7%\">\n\t\t\t[vc_single_image image=&#8221;7956&#8243; img_size=&#8221;full&#8221; alignment=&#8221;center&#8221;]\t\t<\/div>\n\t<\/div>\n<\/div><div class=\"eltdf-eh-item eltdf-vertical-alignment-top\"  data-item-class=\"eltdf-eh-custom-748644\" data-1280-1600=\"7% 23% 10% 3%\" data-1024-1280=\"7% 23% 10% 3%\" data-768-1024=\"0% 0% 0% 15%\" data-600-768=\"0% 7% 15% 0%\" data-480-600=\"1% 0% 19% 1%\" data-480=\"1% 0% 19% 1%\">\n\t<div class=\"eltdf-eh-item-inner\">\n\t\t<div class=\"eltdf-eh-item-content eltdf-eh-custom-748644\" style=\"padding: 7% 23% 10% 3%\">\n\t\t\t[vc_column_text css=&#8221;.vc_custom_1685447971879{margin-top: 16px !important;margin-right: 32px !important;margin-left: 32px !important;}&#8221;]<\/p>\n<h2>EDITION\u00a0 D656\u00a0 LECROIX+MARVIN\u00a0 PETROLEO<\/h2>\n<p>[\/vc_column_text]<div class=\"eltdf-separator-holder clearfix  eltdf-separator-left eltdf-separator-normal\">\n\t<div class=\"eltdf-separator\" style=\"border-color: #ffffff;width: 10%;border-bottom-width: 2px;margin-top: 5px;margin-bottom: 5px\"><\/div>\n<\/div>\n[vc_column_text css=&#8221;.vc_custom_1685447984523{margin-right: 32px !important;margin-left: 32px !important;}&#8221;]Upper \u2013 Leather I Lining \u2013 Textile<br \/>\n(50% organic cotton + 50% recycled polyester) Insole \u2013 Leather I Sole \u2013 Synthetic<br \/>\nLaces \u2013 100% recycled polyester<br \/>\nHeel Height \u2013 3cm<br \/>\nShaft Height \u2013 37cm(Size 37)<br \/>\nCloser Type \u2013 Slip-in[\/vc_column_text][vc_empty_space height=&#8221;16px&#8221;]\t\t<\/div>\n\t<\/div>\n<\/div><\/div><div class=\"eltdf-elements-holder eltdf-two-columns eltdf-responsive-mode-768\" ><div class=\"eltdf-eh-item \"  data-item-class=\"eltdf-eh-custom-411317\" data-768-1024=\"27% 0% 27% 0%\" data-600-768=\"12% 0% 12% 0%\" data-480-600=\"13% 1% 13% 1%\" data-480=\"13% 1% 13% 1%\">\n\t<div class=\"eltdf-eh-item-inner\">\n\t\t<div class=\"eltdf-eh-item-content eltdf-eh-custom-411317\" style=\"padding: 13% 12% 13% 7%\">\n\t\t\t[vc_single_image image=&#8221;7958&#8243; img_size=&#8221;full&#8221; alignment=&#8221;center&#8221;]\t\t<\/div>\n\t<\/div>\n<\/div><div class=\"eltdf-eh-item eltdf-vertical-alignment-top\"  data-item-class=\"eltdf-eh-custom-346117\" data-1280-1600=\"7% 23% 10% 3%\" data-1024-1280=\"7% 23% 10% 3%\" data-768-1024=\"0% 0% 0% 15%\" data-600-768=\"0% 7% 15% 0%\" data-480-600=\"1% 0% 19% 1%\" data-480=\"1% 0% 19% 1%\">\n\t<div class=\"eltdf-eh-item-inner\">\n\t\t<div class=\"eltdf-eh-item-content eltdf-eh-custom-346117\" style=\"padding: 7% 23% 10% 3%\">\n\t\t\t[vc_column_text css=&#8221;.vc_custom_1685448039702{margin-top: 16px !important;}&#8221;]<\/p>\n<h2>EDITION\u00a0 D657\u00a0 LECROIX+MARVIN GREEN+BIRCH<\/h2>\n<p>[\/vc_column_text]<div class=\"eltdf-separator-holder clearfix  eltdf-separator-left eltdf-separator-normal\">\n\t<div class=\"eltdf-separator\" style=\"border-color: #ffffff;width: 10%;border-bottom-width: 2px\"><\/div>\n<\/div>\n[vc_column_text]Upper \u2013 Leather I Lining \u2013 Textile<br \/>\n(50% organic cotton + 50% recycled polyester) Sole \u2013 Synthetic<br \/>\nLaces \u2013 100% recycled polyester<br \/>\nHeel Height \u2013 3cm<br \/>\nShaft Height \u2013 23cm(Size 37)<br \/>\nCloser Type \u2013 Backside zip[\/vc_column_text]\t\t<\/div>\n\t<\/div>\n<\/div><\/div>[\/vc_column][\/vc_row][vc_row][vc_column]<div class=\"eltdf-parallax-holder eltdf-vertical-middle-align\" data-parallax-speed=\"1\" style=\"background-image: url(https:\/\/www.felmini.com\/wp-content\/uploads\/2023\/05\/last.png);min-height: 500px;height: 500px\">\n\t<div class=\"eltdf-parallax-inner\">\n\t\t<div class=\"eltdf-elements-holder eltdf-one-column eltdf-responsive-mode-768\" ><div class=\"eltdf-eh-item \"  data-item-class=\"eltdf-eh-custom-140525\">\n\t<div class=\"eltdf-eh-item-inner\">\n\t\t<div class=\"eltdf-eh-item-content eltdf-eh-custom-140525\" >\n\t\t\t[vc_column_text][\/vc_column_text]\t\t<\/div>\n\t<\/div>\n<\/div><\/div>\t<\/div>\n<\/div>\n[\/vc_column][\/vc_row]<\/p>\n<\/div>","protected":false},"excerpt":{"rendered":"<p>[vc_row content_text_aligment=&#8221;center&#8221;][vc_column][vc_empty_space height=&#8221;4px&#8221;][\/vc_column][\/vc_row][vc_row row_content_width=&#8221;grid&#8221;][vc_column css=&#8221;.vc_custom_1645122421559{margin-right: 6px !important;margin-left: 6px !important;border-right-width: 6px !important;border-left-width: 6px !important;padding-right: 6px !important;padding-left: 6px !important;}&#8221;][\/vc_column][\/vc_row][vc_row][vc_column][\/vc_column][\/vc_row]<\/p>\n","protected":false},"author":1,"featured_media":0,"parent":0,"menu_order":0,"comment_status":"closed","ping_status":"closed","template":"full-width.php","meta":{"footnotes":""},"class_list":["post-7934","page","type-page","status-publish","hentry"],"_links":{"self":[{"href":"https:\/\/www.felmini.com\/pt\/wp-json\/wp\/v2\/pages\/7934","targetHints":{"allow":["GET"]}}],"collection":[{"href":"https:\/\/www.felmini.com\/pt\/wp-json\/wp\/v2\/pages"}],"about":[{"href":"https:\/\/www.felmini.com\/pt\/wp-json\/wp\/v2\/types\/page"}],"author":[{"embeddable":true,"href":"https:\/\/www.felmini.com\/pt\/wp-json\/wp\/v2\/users\/1"}],"replies":[{"embeddable":true,"href":"https:\/\/www.felmini.com\/pt\/wp-json\/wp\/v2\/comments?post=7934"}],"version-history":[{"count":40,"href":"https:\/\/www.felmini.com\/pt\/wp-json\/wp\/v2\/pages\/7934\/revisions"}],"predecessor-version":[{"id":7982,"href":"https:\/\/www.felmini.com\/pt\/wp-json\/wp\/v2\/pages\/7934\/revisions\/7982"}],"wp:attachment":[{"href":"https:\/\/www.felmini.com\/pt\/wp-json\/wp\/v2\/media?parent=7934"}],"curies":[{"name":"wp","href":"https:\/\/api.w.org\/{rel}","templated":true}]}}