{"id":484,"date":"2017-02-27T16:08:51","date_gmt":"2017-02-27T16:08:51","guid":{"rendered":"http:\/\/azalea.elated-themes.com\/?page_id=484"},"modified":"2023-01-05T19:08:36","modified_gmt":"2023-01-05T19:08:36","slug":"contacts","status":"publish","type":"page","link":"https:\/\/www.felmini.com\/pt\/contacts\/","title":{"rendered":"Contactos"},"content":{"rendered":"<div class=\"wpb-content-wrapper\"><p>[vc_row][vc_column]<div class=\"eltdf-parallax-holder eltdf-vertical-middle-align eltdf-disabled-parallax-on-touch\" data-parallax-speed=\"1\" style=\"background-image: url(https:\/\/www.felmini.com\/wp-content\/uploads\/2018\/07\/1.jpg);min-height: 500px;height: 500px\">\n\t<div class=\"eltdf-parallax-inner\">\n\t\t<div class=\"eltdf-elements-holder eltdf-one-column eltdf-responsive-mode-768\" ><div class=\"eltdf-eh-item \"  data-item-class=\"eltdf-eh-custom-461934\">\n\t<div class=\"eltdf-eh-item-inner\">\n\t\t<div class=\"eltdf-eh-item-content eltdf-eh-custom-461934\" style=\"padding: 11.5% 0% 10% 0%\">\n\t\t\t<h2 class=\"eltdf-custom-font-holder\" style=\"font-family: Dosis;font-size: 16px;line-height: 14px;font-weight: 500;letter-spacing: 2px;text-transform: uppercase;text-align: center;color: #ffffff\" data-font-size=16 data-line-height=14 data-letter-spacing=2>\n\tFelmini Shoes<\/h2>[vc_empty_space height=&#8221;10px&#8221;][vc_column_text]<\/p>\n<h1 style=\"text-align: center;\"><span style=\"color: #ffffff;\">Contactos<\/span><\/h1>\n<p>[\/vc_column_text][vc_empty_space height=&#8221;10px&#8221;]<div class=\"eltdf-separator-holder clearfix  eltdf-separator-center eltdf-separator-normal\">\n\t<div class=\"eltdf-separator\" style=\"border-color: #ffffff;width: 68px;border-bottom-width: 4px\"><\/div>\n<\/div>\n\t\t<\/div>\n\t<\/div>\n<\/div><\/div>\t<\/div>\n<\/div>\n[\/vc_column][\/vc_row][vc_row row_content_width=&#8221;grid&#8221; css=&#8221;.vc_custom_1488799543467{padding-top: 9.5% !important;padding-bottom: 15% !important;}&#8221;][vc_column css=&#8221;.vc_custom_1488799434938{padding-right: 5% !important;}&#8221; offset=&#8221;vc_col-lg-6 vc_col-md-12&#8243;][vc_column_text]<\/p>\n<h2>Felmini Shoes<\/h2>\n<p>[\/vc_column_text]<div class=\"eltdf-separator-holder clearfix  eltdf-separator-left eltdf-separator-normal\">\n\t<div class=\"eltdf-separator\" style=\"border-color: #ddb0b7;width: 55px;border-bottom-width: 2px\"><\/div>\n<\/div>\n[vc_empty_space height=&#8221;8px&#8221;][vc_column_text]<\/p>\n<h5>Com mais de 40 anos de experi\u00eancia, a Felmini \u00e9 uma empresa Portuguesa especializada em cal\u00e7ado feminino.<\/h5>\n<p>[\/vc_column_text][vc_empty_space height=&#8221;50px&#8221;][vc_row_inner][vc_column_inner width=&#8221;1\/2&#8243;][vc_column_text]<\/p>\n<h3>F\u00e1brica<\/h3>\n<p>[\/vc_column_text][vc_empty_space height=&#8221;11px&#8221;][vc_column_text]<\/p>\n<div dir=\"auto\">Rua Ant\u00f3nio Jos\u00e9 Fonseca Moreira, 525<\/div>\n<div dir=\"auto\">4610-311 Felgueiras &#8211; Portugal<\/div>\n<p>[\/vc_column_text][vc_column_text]Email: info@felmini.com.pt[\/vc_column_text][vc_column_text]Telefone: +351 255 310 280<br \/>\n(Chamada para a rede fixa nacional)[\/vc_column_text][vc_column_text]Coordenadas: 41.375736, -8.189035[\/vc_column_text][vc_empty_space height=&#8221;40px&#8221;][\/vc_column_inner][\/vc_row_inner][\/vc_column][vc_column offset=&#8221;vc_col-lg-6 vc_col-md-12&#8243;][vc_column_text]<\/p>\n<h2>Entre em contacto<\/h2>\n<p>[\/vc_column_text][vc_empty_space height=&#8221;10px&#8221;][vc_row_inner content_text_aligment=&#8221;right&#8221;][vc_column_inner]\n<div class=\"wpcf7 no-js\" id=\"wpcf7-f4580-o1\" lang=\"en-US\" dir=\"ltr\" data-wpcf7-id=\"4580\">\n<div class=\"screen-reader-response\"><p role=\"status\" aria-live=\"polite\" aria-atomic=\"true\"><\/p> <ul><\/ul><\/div>\n<form action=\"\/pt\/wp-json\/wp\/v2\/pages\/484#wpcf7-f4580-o1\" method=\"post\" class=\"wpcf7-form init\" aria-label=\"Contact form\" novalidate=\"novalidate\" data-status=\"init\">\n<fieldset class=\"hidden-fields-container\"><input type=\"hidden\" name=\"_wpcf7\" value=\"4580\" \/><input type=\"hidden\" name=\"_wpcf7_version\" value=\"6.1.5\" \/><input type=\"hidden\" name=\"_wpcf7_locale\" value=\"en_US\" \/><input type=\"hidden\" name=\"_wpcf7_unit_tag\" value=\"wpcf7-f4580-o1\" \/><input type=\"hidden\" name=\"_wpcf7_container_post\" value=\"0\" \/><input type=\"hidden\" name=\"_wpcf7_posted_data_hash\" value=\"\" \/>\n<\/fieldset>\n<p><span class=\"wpcf7-form-control-wrap\" data-name=\"message\"><textarea cols=\"40\" rows=\"7\" maxlength=\"2000\" class=\"wpcf7-form-control wpcf7-textarea wpcf7-validates-as-required\" aria-required=\"true\" aria-invalid=\"false\" placeholder=\"Mensagem*\" name=\"message\"><\/textarea><\/span><br \/>\n<span class=\"wpcf7-form-control-wrap\" data-name=\"name1\"><input size=\"40\" maxlength=\"400\" class=\"wpcf7-form-control wpcf7-text wpcf7-validates-as-required\" aria-required=\"true\" aria-invalid=\"false\" placeholder=\"Nome*\" value=\"\" type=\"text\" name=\"name1\" \/><\/span><br \/>\n<span class=\"wpcf7-form-control-wrap\" data-name=\"email\"><input size=\"40\" maxlength=\"400\" class=\"wpcf7-form-control wpcf7-email wpcf7-text wpcf7-validates-as-email\" aria-invalid=\"false\" placeholder=\"Email*\" value=\"\" type=\"email\" name=\"email\" \/><\/span><br \/>\n<span class=\"wpcf7-form-control-wrap\" data-name=\"acceptance-201\"><span class=\"wpcf7-form-control wpcf7-acceptance\"><span class=\"wpcf7-list-item\"><label><input type=\"checkbox\" name=\"acceptance-201\" value=\"1\" aria-invalid=\"false\" \/><span class=\"wpcf7-list-item-label\">Li e aceito a <a href=\"https:\/\/felmini.com\/privacy\/\" target=\"_blank\" rel=\"noopener\">pol\u00edtica de privacidade<\/a> expressa neste site.<\/span><\/label><\/span><\/span><\/span>\n<\/p>\n<p><input class=\"wpcf7-form-control wpcf7-submit has-spinner\" type=\"submit\" value=\"enviar mensagem\" \/>\n<\/p><div class=\"wpcf7-response-output\" aria-hidden=\"true\"><\/div>\n<\/form>\n<\/div>\n[\/vc_column_inner][\/vc_row_inner][\/vc_column][\/vc_row][vc_row][vc_column]<div class=\"eltdf-google-map-holder\">\n\t<div class=\"eltdf-google-map\" id=\"eltdf-map-2001559\" data-addresses='[\"Rua Ant\u00f3nio Jos\u00e9 Fonseca Moreira, 525 \u00b7 4610-311 Felgueiras - Portugal\"]' data-custom-map-style=yes data-color-overlay=#7c7c7c data-saturation=-100 data-lightness=10 data-zoom=13 data-pin=https:\/\/www.felmini.com\/wp-content\/uploads\/2018\/05\/pin.png data-unique-id=2001559 data-scroll-wheel=no data-height=515><\/div>\n\t\t\t<div class=\"eltdf-google-map-overlay\"><\/div>\n\t<\/div>\n[\/vc_column][\/vc_row]<\/p>\n<\/div>","protected":false},"excerpt":{"rendered":"<p>[vc_row][vc_column][\/vc_column][\/vc_row][vc_row row_content_width=&#8221;grid&#8221; css=&#8221;.vc_custom_1488799543467{padding-top: 9.5% !important;padding-bottom: 15% !important;}&#8221;][vc_column css=&#8221;.vc_custom_1488799434938{padding-right: 5% !important;}&#8221; offset=&#8221;vc_col-lg-6 vc_col-md-12&#8243;][vc_column_text] Felmini Shoes [\/vc_column_text][vc_empty_space height=&#8221;8px&#8221;][vc_column_text] Com mais de 40 anos de experi\u00eancia, a Felmini \u00e9 uma empresa Portuguesa especializada em cal\u00e7ado feminino. [\/vc_column_text][vc_empty_space height=&#8221;50px&#8221;][vc_row_inner][vc_column_inner width=&#8221;1\/2&#8243;][vc_column_text] F\u00e1brica [\/vc_column_text][vc_empty_space height=&#8221;11px&#8221;][vc_column_text] Rua [&hellip;]<\/p>\n","protected":false},"author":1,"featured_media":0,"parent":0,"menu_order":0,"comment_status":"closed","ping_status":"closed","template":"full-width.php","meta":{"footnotes":""},"class_list":["post-484","page","type-page","status-publish","hentry"],"_links":{"self":[{"href":"https:\/\/www.felmini.com\/pt\/wp-json\/wp\/v2\/pages\/484","targetHints":{"allow":["GET"]}}],"collection":[{"href":"https:\/\/www.felmini.com\/pt\/wp-json\/wp\/v2\/pages"}],"about":[{"href":"https:\/\/www.felmini.com\/pt\/wp-json\/wp\/v2\/types\/page"}],"author":[{"embeddable":true,"href":"https:\/\/www.felmini.com\/pt\/wp-json\/wp\/v2\/users\/1"}],"replies":[{"embeddable":true,"href":"https:\/\/www.felmini.com\/pt\/wp-json\/wp\/v2\/comments?post=484"}],"version-history":[{"count":60,"href":"https:\/\/www.felmini.com\/pt\/wp-json\/wp\/v2\/pages\/484\/revisions"}],"predecessor-version":[{"id":7751,"href":"https:\/\/www.felmini.com\/pt\/wp-json\/wp\/v2\/pages\/484\/revisions\/7751"}],"wp:attachment":[{"href":"https:\/\/www.felmini.com\/pt\/wp-json\/wp\/v2\/media?parent=484"}],"curies":[{"name":"wp","href":"https:\/\/api.w.org\/{rel}","templated":true}]}}