{"id":4655,"date":"2018-07-18T16:41:48","date_gmt":"2018-07-18T16:41:48","guid":{"rendered":"https:\/\/www.felmini.com\/?page_id=4655"},"modified":"2024-11-26T18:45:06","modified_gmt":"2024-11-26T18:45:06","slug":"projects","status":"publish","type":"page","link":"https:\/\/www.felmini.com\/pt\/projects\/","title":{"rendered":"Projectos"},"content":{"rendered":"<div class=\"wpb-content-wrapper\"><p>[vc_row][vc_column][vc_single_image image=&#8221;8311&#8243; img_size=&#8221;full&#8221; alignment=&#8221;center&#8221; css=&#8221;&#8221;][vc_empty_space height=&#8221;50px&#8221;][vc_column_text css=&#8221;&#8221;]NOME OPERA\u00c7\u00c3O<br \/>\nJ.MOREIRA_INOV 2022\/2024<\/p>\n<p>NOME ENTIDADE BENEFICI\u00c1RIA<br \/>\nJ.MOREIRA S.A.<\/p>\n<p>INVESTIMENTO TOTAL<\/p>\n<p>143.091.66 \u20ac<\/p>\n<p>APOIO FINANCEIRO DA UNI\u00c3O EUROPEIA<\/p>\n<p>143.091.66 \u20ac<\/p>\n<p>OBJETIVO:<br \/>\nCom o presente projeto, a J. MOREIRA pretende aumentar a sua capacidade de produ\u00e7\u00e3o, visando por um lado, consolidar e manter a sua presen\u00e7a nos mercados internacionais (aumentando o volume de exporta\u00e7\u00f5es), e por outro, transformar a sua oferta em cal\u00e7ado 100% sustent\u00e1vel. O projeto contempla a aquisi\u00e7\u00e3o de m\u00e1quinas e equipamentos que<br \/>\ncolocam o processo produtivo ao n\u00edvel do estado da arte das tecnologias de produ\u00e7\u00e3o do setor, promovendo a inova\u00e7\u00e3o,<br \/>\ndiversifica\u00e7\u00e3o da produ\u00e7\u00e3o, o aumento da produtividade, a rendibilidade, o valor acrescentado, a IE e a competitividade<br \/>\ninternacional.[\/vc_column_text][vc_empty_space height=&#8221;50px&#8221;][vc_separator color=&#8221;black&#8221; css=&#8221;&#8221;][vc_single_image image=&#8221;4658&#8243; img_size=&#8221;full&#8221; alignment=&#8221;center&#8221; css=&#8221;&#8221;][vc_empty_space height=&#8221;50px&#8221;][vc_column_text css=&#8221;&#8221;]Projeto n\u00ba: 005805<\/p>\n<p>Entidade Benefici\u00e1ria: J. MOREIRA, S.A.<\/p>\n<p>Investimento eleg\u00edvel: 20.000,00 \u20ac<\/p>\n<p>Incentivo aprovado: 15.000,00 \u20ac<\/p>\n<p>Regi\u00e3o de Interven\u00e7\u00e3o: Norte<\/p>\n<p>Objetivos do Projeto: O presente projeto de investimento visa a implementa\u00e7\u00e3o de boas pr\u00e1ticas organizacionais e de um novo modelo de organiza\u00e7\u00e3o do trabalho, com a redefini\u00e7\u00e3o de procedimentos e instru\u00e7\u00f5es de trabalho, potenciando a utiliza\u00e7\u00e3o de novas tecnologias de informa\u00e7\u00e3o e comunica\u00e7\u00e3o de apoio \u00e0 gest\u00e3o.[\/vc_column_text][vc_empty_space height=&#8221;100px&#8221;][\/vc_column][\/vc_row][vc_row][vc_column][\/vc_column][\/vc_row]<\/p>\n<\/div>","protected":false},"excerpt":{"rendered":"<p>[vc_row][vc_column][vc_single_image image=&#8221;8311&#8243; img_size=&#8221;full&#8221; alignment=&#8221;center&#8221; css=&#8221;&#8221;][vc_empty_space height=&#8221;50px&#8221;][vc_column_text css=&#8221;&#8221;]NOME OPERA\u00c7\u00c3O J.MOREIRA_INOV 2022\/2024 NOME ENTIDADE BENEFICI\u00c1RIA J.MOREIRA S.A. INVESTIMENTO TOTAL 143.091.66 \u20ac APOIO FINANCEIRO DA UNI\u00c3O EUROPEIA 143.091.66 \u20ac OBJETIVO: Com o presente projeto, a J. MOREIRA pretende aumentar a sua capacidade de [&hellip;]<\/p>\n","protected":false},"author":1,"featured_media":0,"parent":0,"menu_order":0,"comment_status":"closed","ping_status":"closed","template":"","meta":{"footnotes":""},"class_list":["post-4655","page","type-page","status-publish","hentry"],"_links":{"self":[{"href":"https:\/\/www.felmini.com\/pt\/wp-json\/wp\/v2\/pages\/4655","targetHints":{"allow":["GET"]}}],"collection":[{"href":"https:\/\/www.felmini.com\/pt\/wp-json\/wp\/v2\/pages"}],"about":[{"href":"https:\/\/www.felmini.com\/pt\/wp-json\/wp\/v2\/types\/page"}],"author":[{"embeddable":true,"href":"https:\/\/www.felmini.com\/pt\/wp-json\/wp\/v2\/users\/1"}],"replies":[{"embeddable":true,"href":"https:\/\/www.felmini.com\/pt\/wp-json\/wp\/v2\/comments?post=4655"}],"version-history":[{"count":36,"href":"https:\/\/www.felmini.com\/pt\/wp-json\/wp\/v2\/pages\/4655\/revisions"}],"predecessor-version":[{"id":8325,"href":"https:\/\/www.felmini.com\/pt\/wp-json\/wp\/v2\/pages\/4655\/revisions\/8325"}],"wp:attachment":[{"href":"https:\/\/www.felmini.com\/pt\/wp-json\/wp\/v2\/media?parent=4655"}],"curies":[{"name":"wp","href":"https:\/\/api.w.org\/{rel}","templated":true}]}}