{"id":3970,"date":"2018-07-04T17:34:24","date_gmt":"2018-07-04T17:34:24","guid":{"rendered":"https:\/\/felmini.com\/?page_id=3970"},"modified":"2018-11-05T18:33:47","modified_gmt":"2018-11-05T18:33:47","slug":"privacy","status":"publish","type":"page","link":"https:\/\/www.felmini.com\/pt\/privacy\/","title":{"rendered":"Pol\u00edtica de Privacidade"},"content":{"rendered":"<div class=\"wpb-content-wrapper\"><p>[vc_row][vc_column width=&#8221;1\/2&#8243;][vc_column_text]As pol\u00edticas de Prote\u00e7\u00e3o de Dados da Felmini est\u00e3o em conformidade com o novo regulamento geral de prote\u00e7\u00e3o de dados, em vigor a partir de 25 de maio de 2018.<\/p>\n<p>A Felmini reserva-se no direito de atualizar ou modificar a sua Pol\u00edtica de Privacidade a qualquer momento, nomeadamente, de forma a adapt\u00e1-la a altera\u00e7\u00f5es legislativas.<\/p>\n<p>&nbsp;<\/p>\n<h3>Informa\u00e7\u00e3o Recolhida<\/h3>\n<p><strong style=\"font-size: 16px;\">Ao preencher o formul\u00e1rio de contacto<\/strong><\/p>\n<p>Os dados solicitados s\u00e3o:<\/p>\n<p>&#8211; mensagem<\/p>\n<p>&#8211; nome<\/p>\n<p>&#8211; email<\/p>\n<p>Estes dados s\u00e3o necess\u00e1rios para que possamos responder \u00e0s quest\u00f5es que nos queira colocar.<\/p>\n<p>Caso pretenda, existe a possibilidade de os apagar, para o que dever\u00e1 usar o email info@felmini.com.pt<\/p>\n<p>&nbsp;<\/p>\n<p><strong>Em cada acesso ao nosso website, s\u00e3o adicionalmente gravados dados em forma de protocolo, tais como:<\/strong><\/p>\n<p>&#8211; O website a partir do qual \u00e9 consultada a nossa p\u00e1gina;<\/p>\n<p>&#8211; O endere\u00e7o IP;<\/p>\n<p>&#8211; A data\/hora de acessos;<\/p>\n<p>&#8211; Informa\u00e7\u00e3o sobre o browser e sistema operativo usado.<\/p>\n<h3><\/h3>\n<p>&nbsp;<\/p>\n<h3>Utiliza\u00e7\u00e3o de cookies<\/h3>\n<p>Cookies s\u00e3o pequenos ficheiros de texto que podem ser usados por websites para tornar a experi\u00eancia do utilizador mais eficiente.<\/p>\n<p>A lei permite-nos gravar ficheiros no seu computador se forem essenciais para as opera\u00e7\u00f5es deste site mas necessitamos da sua permiss\u00e3o para todos os outros.<\/p>\n<p>Usamos cookies essenciais (chamados &#8220;cookies de sess\u00e3o\u201d) criados para garantir uma experi\u00eancia de navega\u00e7\u00e3o rica e f\u00e1cil. Este tipo de cookies n\u00e3o guarda nenhuma informa\u00e7\u00e3o pessoal sobre o utilizador.<\/p>\n<p>O nosso website usa alguns cookies n\u00e3o-essenciais. N\u00e3o os usamos para controlar ou identificar utilizadores individuais, mas para ganhar conhecimento \u00fatil sobre como o site est\u00e1 a ser usado para que possamos continuar a melhor\u00e1-lo para os nossos utilizadores. Sem esta informa\u00e7\u00e3o providenciada pelos sistemas que usam estes cookies n\u00e3o seria poss\u00edvel fornecer os nossos servi\u00e7os.<\/p>\n<p>Usamos o Google Analytics, um servi\u00e7o de an\u00e1lise providenciado pela Google, Inc. O Google Analytics usa cookies para ajudar-nos a analisar como os utilizadores usam o site. Conta o n\u00famero de visitantes e d\u00e1-nos informa\u00e7\u00f5es sobre o seu comportamento geral \u2014 tal como a quantidade normal de tempo que um utilizador permanece num site ou o n\u00famero m\u00e9dia de p\u00e1ginas por visitas.<\/p>\n<p>A informa\u00e7\u00e3o gerada pelo cookie sobre o uso do nosso website (incluindo o seu endere\u00e7o IP) ser\u00e1 transmitido e guardado pela Google em servidores nos Estados Unidos. A Google ir\u00e1 usar esta informa\u00e7\u00e3o com o objectivo de avaliar o seu uso do nosso website, compilando relat\u00f3rios de actividade e providenciando outros servi\u00e7os relativos \u00e0 actividade do website e uso da internet.<\/p>\n<p>A Google tamb\u00e9m ir\u00e1 transferir esta informa\u00e7\u00e3o a terceiros se exigido por lei, ou se tais terceiros processam a informa\u00e7\u00e3o em nome da Google. A Google compromete-se a n\u00e3o associar o seu endere\u00e7o IP com outros dados armazenados pela Google.<\/p>\n<p>&nbsp;<\/p>\n<p><strong>Desativa\u00e7\u00e3o de Cookies<\/strong><\/p>\n<p>O utilizador pode permitir, bloquear ou eliminar os Cookies instalados no seu equipamento atrav\u00e9s da configura\u00e7\u00e3o das op\u00e7\u00f5es do navegador instalado no seu computador. Por favor, leia atentamente a sec\u00e7\u00e3o de ajuda do seu navegador para saber mais informa\u00e7\u00f5es sobre como ativar o &#8220;modo privado\u201d ou desbloquear determinados Cookies.<\/p>\n<h3><\/h3>\n<p>&nbsp;<\/p>\n<h3>Armanezamento da Informa\u00e7\u00e3o<\/h3>\n<p>Os dados recolhidos pela Felmini s\u00e3o guardados na Uni\u00e3o Europeia, armazenados por terceiros num servi\u00e7o de alojamento web.<\/p>\n<h3><\/h3>\n<p>&nbsp;<\/p>\n<h3>Uso da Informa\u00e7\u00e3o<\/h3>\n<p>A Felmini usar\u00e1 os seus dados fornecidos apenas para os fins acima descritos e n\u00e3o os divulgar\u00e1 a outras entidades.<\/p>\n<p>Politica de Privacidade v.1 data 05\/09\/2018<\/p>\n<p>[\/vc_column_text][\/vc_column][vc_column width=&#8221;1\/2&#8243;][\/vc_column][\/vc_row]<\/p>\n<\/div>","protected":false},"excerpt":{"rendered":"<p>[vc_row][vc_column width=&#8221;1\/2&#8243;][vc_column_text]As pol\u00edticas de Prote\u00e7\u00e3o de Dados da Felmini est\u00e3o em conformidade com o novo regulamento geral de prote\u00e7\u00e3o de dados, em vigor a partir de 25 de maio de 2018. A Felmini reserva-se no direito de atualizar ou modificar [&hellip;]<\/p>\n","protected":false},"author":1,"featured_media":0,"parent":0,"menu_order":0,"comment_status":"closed","ping_status":"closed","template":"","meta":{"footnotes":""},"class_list":["post-3970","page","type-page","status-publish","hentry"],"_links":{"self":[{"href":"https:\/\/www.felmini.com\/pt\/wp-json\/wp\/v2\/pages\/3970","targetHints":{"allow":["GET"]}}],"collection":[{"href":"https:\/\/www.felmini.com\/pt\/wp-json\/wp\/v2\/pages"}],"about":[{"href":"https:\/\/www.felmini.com\/pt\/wp-json\/wp\/v2\/types\/page"}],"author":[{"embeddable":true,"href":"https:\/\/www.felmini.com\/pt\/wp-json\/wp\/v2\/users\/1"}],"replies":[{"embeddable":true,"href":"https:\/\/www.felmini.com\/pt\/wp-json\/wp\/v2\/comments?post=3970"}],"version-history":[{"count":13,"href":"https:\/\/www.felmini.com\/pt\/wp-json\/wp\/v2\/pages\/3970\/revisions"}],"predecessor-version":[{"id":5032,"href":"https:\/\/www.felmini.com\/pt\/wp-json\/wp\/v2\/pages\/3970\/revisions\/5032"}],"wp:attachment":[{"href":"https:\/\/www.felmini.com\/pt\/wp-json\/wp\/v2\/media?parent=3970"}],"curies":[{"name":"wp","href":"https:\/\/api.w.org\/{rel}","templated":true}]}}