{"id":3757,"date":"2018-06-15T11:14:35","date_gmt":"2018-06-15T11:14:35","guid":{"rendered":"https:\/\/felmini.com\/?page_id=3757"},"modified":"2018-08-03T15:38:49","modified_gmt":"2018-08-03T15:38:49","slug":"the-process","status":"publish","type":"page","link":"https:\/\/www.felmini.com\/pt\/the-process\/","title":{"rendered":"O Processo"},"content":{"rendered":"<div class=\"wpb-content-wrapper\"><p>[vc_row][vc_column width=&#8221;1\/6&#8243;][\/vc_column][vc_column width=&#8221;2\/3&#8243;]\n\t\t\t\t<p class=\"rs-p-wp-fix\"><\/p>\n\t\t\t\t<sr7-module data-alias=\"video-slider\" data-id=\"9\" id=\"SR7_9_1\" class=\"rs-ov-hidden\" data-version=\"6.7.54\">\n\t\t\t\t\t<sr7-adjuster><\/sr7-adjuster>\n\t\t\t\t\t<sr7-content>\n\t\t\t\t\t\t<sr7-slide id=\"SR7_9_1-1\" data-key=\"1\">\n\t\t\t\t\t\t<\/sr7-slide>\n\t\t\t\t\t\t<sr7-slide id=\"SR7_9_1-29\" data-key=\"29\">\n\t\t\t\t\t\t<\/sr7-slide>\n\t\t\t\t\t<\/sr7-content>\n\t\t\t\t<\/sr7-module>\n\t\t\t\t<script>\n\t\t\t\t\twindow.SR7 ??={};SR7.PMH ??={}; SR7.PMH[\"SR7_9_1\"] = {cn:100,state:false,fn: function() { if (window._tpt!==undefined && window._tpt.prepareModuleHeight !== undefined) {  _tpt.prepareModuleHeight({id:\"SR7_9_1\",type:'hero',shdw:'0',gh:[700,700,500,500,500],gw:[1300,1300,1100,778,480],vpt:['-200px&#039;,&#039;-200px&#039;,&#039;-200px&#039;,&#039;-200px&#039;,&#039;-200px'],size:{fullWidth:true, fullHeight:false},mh:'0',onh:0,onw:0,bg:{color:'{\"orig\":\"transparent\",\"type\":\"solid\",\"string\":\"transparent\"}',image:{src:'https:\/\/felmini.com\/wp-content\/uploads\/2018\/06\/pattern-1024x587.jpg',size:'',position:'center center',repeat:''}},plType:'-1',plColor:'#FFFFFF'});   SR7.PMH[\"SR7_9_1\"].state=true;} else if(SR7.PMH[\"SR7_9_1\"].cn-->0)\tsetTimeout( SR7.PMH[\"SR7_9_1\"].fn,19);}};SR7.PMH[\"SR7_9_1\" ].fn();\n\t\t\t\t<\/script>\n[vc_empty_space height=&#8221;100px&#8221;][vc_column_text]A Felmini \u00e9 reconhecida pela sua especializa\u00e7\u00e3o em cores e acabamentos inovadores que caracterizam as suas cole\u00e7\u00f5es desde o seu in\u00edcio, em 1973.<\/p>\n<p>Os processos de lavagem e tinturaria dip-dye s\u00e3o t\u00e9cnicas que conferem acabamentos coloridos \u00fanicos com infinita variedade. Os sapatos s\u00e3o cuidadosamente e manualmente mergulhados em pigmentos na f\u00e1brica Felmini, onde cada cor \u00e9 desenvolvida para conseguir os tons exatos da cole\u00e7\u00e3o de cada esta\u00e7\u00e3o. Este processo complexo utiliza sempre os pigmentos combinados pr\u00f3prios da Felmini.[\/vc_column_text][vc_empty_space height=&#8221;100px&#8221;]\n\t\t\t\t<p class=\"rs-p-wp-fix\"><\/p>\n\t\t\t\t<sr7-module data-alias=\"video-slider-2\" data-id=\"10\" id=\"SR7_10_2\" class=\"rs-ov-hidden\" data-version=\"6.7.54\">\n\t\t\t\t\t<sr7-adjuster><\/sr7-adjuster>\n\t\t\t\t\t<sr7-content>\n\t\t\t\t\t\t<sr7-slide id=\"SR7_10_2-2\" data-key=\"2\">\n\t\t\t\t\t\t<\/sr7-slide>\n\t\t\t\t\t<\/sr7-content>\n\t\t\t\t<\/sr7-module>\n\t\t\t\t<script>\n\t\t\t\t\twindow.SR7 ??={};SR7.PMH ??={}; SR7.PMH[\"SR7_10_2\"] = {cn:100,state:false,fn: function() { if (window._tpt!==undefined && window._tpt.prepareModuleHeight !== undefined) {  _tpt.prepareModuleHeight({id:\"SR7_10_2\",type:'hero',shdw:'0',gh:[700,700,500,500,500],gw:[1300,1300,1100,778,480],vpt:['-200px&#039;,&#039;-200px&#039;,&#039;-200px&#039;,&#039;-200px&#039;,&#039;-200px'],size:{fullWidth:true, fullHeight:false},mh:'0',onh:0,onw:0,bg:{color:'{\"orig\":\"transparent\",\"type\":\"solid\",\"string\":\"transparent\"}',image:{src:'https:\/\/felmini.com\/wp-content\/uploads\/2018\/06\/pattern-1024x587.jpg',size:'',position:'center center',repeat:''}},plType:'-1',plColor:'#FFFFFF'});   SR7.PMH[\"SR7_10_2\"].state=true;} else if(SR7.PMH[\"SR7_10_2\"].cn-->0)\tsetTimeout( SR7.PMH[\"SR7_10_2\"].fn,19);}};SR7.PMH[\"SR7_10_2\" ].fn();\n\t\t\t\t<\/script>\n[vc_empty_space height=&#8221;100px&#8221;][vc_column_text]N\u00e3o existem dois pares iguais; o detalhe das peles \u00e9 enaltecido e contrastado, criando um efeito \u201cusado\u201d vintage. Secados ao natural e em m\u00e1quina, os sapatos apresentam um resultado final preenchido de carisma, com tons e nuances subtis que os tornam \u00fanicos e t\u00e3o caracter\u00edsticos.[\/vc_column_text][vc_empty_space height=&#8221;100px&#8221;]\n\t\t\t\t<p class=\"rs-p-wp-fix\"><\/p>\n\t\t\t\t<sr7-module data-alias=\"video-slider-3\" data-id=\"11\" id=\"SR7_11_3\" class=\"rs-ov-hidden\" data-version=\"6.7.54\">\n\t\t\t\t\t<sr7-adjuster><\/sr7-adjuster>\n\t\t\t\t\t<sr7-content>\n\t\t\t\t\t\t<sr7-slide id=\"SR7_11_3-3\" data-key=\"3\">\n\t\t\t\t\t\t<\/sr7-slide>\n\t\t\t\t\t<\/sr7-content>\n\t\t\t\t<\/sr7-module>\n\t\t\t\t<script>\n\t\t\t\t\twindow.SR7 ??={};SR7.PMH ??={}; SR7.PMH[\"SR7_11_3\"] = {cn:100,state:false,fn: function() { if (window._tpt!==undefined && window._tpt.prepareModuleHeight !== undefined) {  _tpt.prepareModuleHeight({id:\"SR7_11_3\",type:'hero',shdw:'0',gh:[700,700,500,500,500],gw:[1300,1300,1100,778,480],vpt:['-200px&#039;,&#039;-200px&#039;,&#039;-200px&#039;,&#039;-200px&#039;,&#039;-200px'],size:{fullWidth:true, fullHeight:false},mh:'0',onh:0,onw:0,bg:{color:'{\"orig\":\"transparent\",\"type\":\"solid\",\"string\":\"transparent\"}',image:{src:'https:\/\/felmini.com\/wp-content\/uploads\/2018\/06\/pattern-1024x587.jpg',size:'',position:'center center',repeat:''}},plType:'-1',plColor:'#FFFFFF'});   SR7.PMH[\"SR7_11_3\"].state=true;} else if(SR7.PMH[\"SR7_11_3\"].cn-->0)\tsetTimeout( SR7.PMH[\"SR7_11_3\"].fn,19);}};SR7.PMH[\"SR7_11_3\" ].fn();\n\t\t\t\t<\/script>\n[vc_empty_space height=&#8221;100px&#8221;][vc_column_text]A vis\u00e3o da Felmini \u00e9 transformar uma ideia no produto desejado. Tudo nasce de l\u00e1pis e papel onde \u00e9 descoberto um sapato \u00fanico, especial e inconfund\u00edvel.<\/p>\n<p>Come\u00e7ando pela fase do design e passando por todos os aspetos da produ\u00e7\u00e3o, o processo Felmini termina com a estrat\u00e9gia de marketing e comunica\u00e7\u00e3o, sendo cuidadosamente planeado em cada etapa.[\/vc_column_text][vc_empty_space height=&#8221;100px&#8221;][vc_empty_space height=&#8221;100px&#8221;][\/vc_column][vc_column width=&#8221;1\/6&#8243;][\/vc_column][\/vc_row][vc_row][vc_column][\/vc_column][\/vc_row]<\/p>\n<\/div>","protected":false},"excerpt":{"rendered":"<p>[vc_row][vc_column width=&#8221;1\/6&#8243;][\/vc_column][vc_column width=&#8221;2\/3&#8243;][vc_empty_space height=&#8221;100px&#8221;][vc_column_text]A Felmini \u00e9 reconhecida pela sua especializa\u00e7\u00e3o em cores e acabamentos inovadores que caracterizam as suas cole\u00e7\u00f5es desde o seu in\u00edcio, em 1973. Os processos de lavagem e tinturaria dip-dye s\u00e3o t\u00e9cnicas que conferem acabamentos coloridos \u00fanicos [&hellip;]<\/p>\n","protected":false},"author":1,"featured_media":0,"parent":0,"menu_order":0,"comment_status":"closed","ping_status":"closed","template":"","meta":{"footnotes":""},"class_list":["post-3757","page","type-page","status-publish","hentry"],"_links":{"self":[{"href":"https:\/\/www.felmini.com\/pt\/wp-json\/wp\/v2\/pages\/3757","targetHints":{"allow":["GET"]}}],"collection":[{"href":"https:\/\/www.felmini.com\/pt\/wp-json\/wp\/v2\/pages"}],"about":[{"href":"https:\/\/www.felmini.com\/pt\/wp-json\/wp\/v2\/types\/page"}],"author":[{"embeddable":true,"href":"https:\/\/www.felmini.com\/pt\/wp-json\/wp\/v2\/users\/1"}],"replies":[{"embeddable":true,"href":"https:\/\/www.felmini.com\/pt\/wp-json\/wp\/v2\/comments?post=3757"}],"version-history":[{"count":23,"href":"https:\/\/www.felmini.com\/pt\/wp-json\/wp\/v2\/pages\/3757\/revisions"}],"predecessor-version":[{"id":4689,"href":"https:\/\/www.felmini.com\/pt\/wp-json\/wp\/v2\/pages\/3757\/revisions\/4689"}],"wp:attachment":[{"href":"https:\/\/www.felmini.com\/pt\/wp-json\/wp\/v2\/media?parent=3757"}],"curies":[{"name":"wp","href":"https:\/\/api.w.org\/{rel}","templated":true}]}}