{"id":3605,"date":"2018-06-12T09:41:53","date_gmt":"2018-06-12T09:41:53","guid":{"rendered":"https:\/\/felmini.com\/?page_id=3605"},"modified":"2020-03-18T17:18:01","modified_gmt":"2020-03-18T17:18:01","slug":"login","status":"publish","type":"page","link":"https:\/\/www.felmini.com\/pt\/login\/","title":{"rendered":"Login"},"content":{"rendered":"<div class=\"wpb-content-wrapper\"><p>[vc_row][vc_column][vc_single_image image=&#8221;3404&#8243; img_size=&#8221;large&#8221;][vc_empty_space height=&#8221;50px&#8221;][\/vc_column][\/vc_row][vc_row][vc_column width=&#8221;1\/2&#8243;][vc_column_text]<strong>A \u00e1rea reservada deste site \u00e9 circunscrita aos agentes e clientes da Felmini.<\/strong><\/p>\n<p>Esta \u00e1rea permite acesso ao workbook interativo da Felmini, de forma a visualizar toda a cole\u00e7\u00e3o diretamente online, a qualquer altura e de uma forma facilitada. Permite, ainda, efetuar o download deste workbook.<\/p>\n<p>Outra vantagem desta \u00e1rea \u00e9 obter acesso ao conjunto completo de imagens que s\u00e3o propriedade da Felmini e que est\u00e3o a ser usadas nas campanhas de redes sociais da Felmini.<\/p>\n<p>A Felmini autoriza o uso deste material com o intuito de publicar os sapatos Felmini que outros tenham interesse em promover nas suas pr\u00f3prias redes sociais.<\/p>\n<p>\u00c9 proibido eliminar o logotipo Felmini, uma vez que deve aparecer em todas as imagens.<\/p>\n<p>&nbsp;<\/p>\n<p>O acesso \u00e0 \u00e1rea reservada \u00e9 fornecido a clientes regulares ou mediante pedido (remeter \u00e0 \u00e1rea de<span lang=\"EN-US\">\u00a0<a href=\"https:\/\/felmini.com\/contacts\/\"><b>contactos<\/b><\/a><\/span>).[\/vc_column_text][vc_empty_space height=&#8221;60px&#8221;]<h2 class=\"eltdf-custom-font-holder\" style=\"font-family: dosis;font-size: 15px\" data-font-size=15>\n\tPASSWORD<\/h2>[\/vc_column][vc_column width=&#8221;1\/2&#8243;][\/vc_column][\/vc_row][vc_row][vc_column][vc_raw_html]JTNDaW5wdXQlMjAlMjBzdHlsZSUzRCUyMndpZHRoJTNBJTIwNTAlMjUlM0IlMjBwYWRkaW5nJTNBJTIwMTJweCUyMDIwcHglM0IlMjBtYXJnaW4lM0ElMjA4cHglMjAwJTNCJTIwYm94LXNpemluZyUzQSUyMGJvcmRlci1ib3glM0IlMjAlMjIlMjBpZCUzRCUyN3Bhc3MlMjclMjB0eXBlJTNEJTI3cGFzc3dvcmQlMjclMkYlM0UlMEElMEElM0NiciUzRSUzQ2JyJTNFJTBBJTNDYnV0dG9uJTIwb25jbGljayUzRCUyMm15RnVuY3Rpb24lMjglMjklMjIlMjBzdHlsZSUzRCUyMmJhY2tncm91bmQtY29sb3IlM0ElMjAlMjNkOGI4YmMlM0IlMjBwYWRkaW5nJTNBJTIwMTlweCUyMDI5cHglM0IlMjBmb250LXNpemUlM0ElMjAxNHB4JTNCJTIwYm9yZGVyJTNBJTIwbm9uZSUzQiUyMCUyMHRleHQtYWxpZ24lM0ElMjBjZW50ZXIlM0IlMjB0ZXh0LWRlY29yYXRpb24lM0ElMjBub25lJTNCJTIwY29sb3IlM0ElMjB3aGl0ZSUzQiUyMCUyMGJvcmRlci1yYWRpdXMlM0ElMjA0cHglM0IlMjIlM0UlMjBMT0dJTiUyMCUzQyUyRmJ1dHRvbiUzRSUwQSUwQSUwQSUzQ3NjcmlwdCUzRSUwQWZ1bmN0aW9uJTIwbXlGdW5jdGlvbiUyOCUyOSUyMCU3QiUwQSUyMCUyMCUyMCUyMGlmJTIwJTI4ZG9jdW1lbnQuZ2V0RWxlbWVudEJ5SWQlMjglMjdwYXNzJTI3JTI5LnZhbHVlJTIwJTNEJTNEJTIwJTIyRkxNRlcxOSUyMiUyOSUyMCU3QiUwQSUyMCUyMCUyMCUyMCUyMCUyMCUyMCUyMHdpbmRvdy5vcGVuJTI4JTIyaHR0cHMlM0ElMkYlMkZmZWxtaW5pLmNvbSUyRmY0Z3EzNzhncm80JTIyJTI5JTBBJTIwJTIwJTIwJTIwJTdEJTIwZWxzZSUyMCU3QiUwQSUyMCUyMCUyMCUyMCUwOWRvY3VtZW50LmdldEVsZW1lbnRCeUlkJTI4JTIyZGVtbyUyMiUyOS5pbm5lckhUTUwlMjAlM0QlMEElMjAlMjAlMjAlMjAlMjAlMjAlMjAlMjAlMjJQYXNzd29yZCUyMGluY29ycmV0YS4lMjBQb3IlMjBmYXZvciUyMGludHJvZHV6aXIlMjBwYXNzd29yZCUyMG5vdmFtZW50ZS4lMjIlM0IlMEElMjAlMjAlMjAlMjAlN0QlMEElN0QlMEElM0MlMkZzY3JpcHQlM0UlMEElMEElM0NiciUzRSUzQ2JyJTNFJTBBJTNDcCUyMGlkJTNEJTIyZGVtbyUyMiUzRSUzQyUyRnAlM0UlMEElMEE=[\/vc_raw_html][vc_empty_space height=&#8221;150px&#8221;][\/vc_column][\/vc_row]<\/p>\n<\/div>","protected":false},"excerpt":{"rendered":"<p>[vc_row][vc_column][vc_single_image image=&#8221;3404&#8243; img_size=&#8221;large&#8221;][vc_empty_space height=&#8221;50px&#8221;][\/vc_column][\/vc_row][vc_row][vc_column width=&#8221;1\/2&#8243;][vc_column_text]A \u00e1rea reservada deste site \u00e9 circunscrita aos agentes e clientes da Felmini. Esta \u00e1rea permite acesso ao workbook interativo da Felmini, de forma a visualizar toda a cole\u00e7\u00e3o diretamente online, a qualquer altura e de [&hellip;]<\/p>\n","protected":false},"author":1,"featured_media":0,"parent":0,"menu_order":0,"comment_status":"closed","ping_status":"closed","template":"","meta":{"footnotes":""},"class_list":["post-3605","page","type-page","status-publish","hentry"],"_links":{"self":[{"href":"https:\/\/www.felmini.com\/pt\/wp-json\/wp\/v2\/pages\/3605","targetHints":{"allow":["GET"]}}],"collection":[{"href":"https:\/\/www.felmini.com\/pt\/wp-json\/wp\/v2\/pages"}],"about":[{"href":"https:\/\/www.felmini.com\/pt\/wp-json\/wp\/v2\/types\/page"}],"author":[{"embeddable":true,"href":"https:\/\/www.felmini.com\/pt\/wp-json\/wp\/v2\/users\/1"}],"replies":[{"embeddable":true,"href":"https:\/\/www.felmini.com\/pt\/wp-json\/wp\/v2\/comments?post=3605"}],"version-history":[{"count":76,"href":"https:\/\/www.felmini.com\/pt\/wp-json\/wp\/v2\/pages\/3605\/revisions"}],"predecessor-version":[{"id":5374,"href":"https:\/\/www.felmini.com\/pt\/wp-json\/wp\/v2\/pages\/3605\/revisions\/5374"}],"wp:attachment":[{"href":"https:\/\/www.felmini.com\/pt\/wp-json\/wp\/v2\/media?parent=3605"}],"curies":[{"name":"wp","href":"https:\/\/api.w.org\/{rel}","templated":true}]}}