{"id":3594,"date":"2018-06-07T17:32:15","date_gmt":"2018-06-07T17:32:15","guid":{"rendered":"https:\/\/felmini.com\/?page_id=3594"},"modified":"2018-07-17T14:50:31","modified_gmt":"2018-07-17T14:50:31","slug":"press","status":"publish","type":"page","link":"https:\/\/www.felmini.com\/pt\/press\/","title":{"rendered":"Imprensa"},"content":{"rendered":"<div class=\"wpb-content-wrapper\"><p>[vc_row css=&#8221;.vc_custom_1528996830021{background-color: #fbfbfb !important;}&#8221;][vc_column][vc_row_inner row_content_width=&#8221;grid&#8221;][vc_column_inner width=&#8221;1\/2&#8243;][vc_column_text]A Felmini tem sido retratada na imprensa nacional e internacional como um exemplo a seguir na superioridade artesanal que \u00e9 evidente em todos os seus sapatos, gra\u00e7as a uma enorme paix\u00e3o e tremenda dedica\u00e7\u00e3o.<\/p>\n<p>Se quiser entrar em contacto com a Felmini e pedir mais informa\u00e7\u00f5es, por favor use um dos seguintes contactos:[\/vc_column_text][vc_empty_space][vc_empty_space]<a itemprop=\"url\" href=\"mailto:media@felmini.com.pt\" target=\"_self\"  class=\"eltdf-btn eltdf-btn-medium eltdf-btn-solid\"  >\n    <span class=\"eltdf-btn-text\">media@felmini.com.pt<\/span>\n    <\/a>[vc_empty_space][vc_empty_space][\/vc_column_inner][vc_column_inner width=&#8221;1\/2&#8243;][\/vc_column_inner][\/vc_row_inner][\/vc_column][\/vc_row][vc_row][vc_column width=&#8221;1\/4&#8243;][vc_single_image image=&#8221;4175&#8243; img_size=&#8221;large&#8221; add_caption=&#8221;yes&#8221; onclick=&#8221;link_image&#8221;][vc_empty_space height=&#8221;5px&#8221;]<h2 class=\"eltdf-custom-font-holder\" style=\"font-family: dosis;font-size: 16px\" data-font-size=16>\n\tDEC 2016 \u2014 N\u00ba12<\/h2>[vc_empty_space][vc_empty_space][vc_single_image image=&#8221;4173&#8243; img_size=&#8221;large&#8221; add_caption=&#8221;yes&#8221; onclick=&#8221;link_image&#8221;][vc_empty_space height=&#8221;5px&#8221;]<h2 class=\"eltdf-custom-font-holder\" style=\"font-family: dosis;font-size: 16px\" data-font-size=16>\n\tMAR 2015 \u2014 N\u00ba15<\/h2>[vc_empty_space][vc_empty_space][vc_empty_space][\/vc_column][vc_column width=&#8221;1\/4&#8243;][vc_single_image image=&#8221;4174&#8243; img_size=&#8221;large&#8221; add_caption=&#8221;yes&#8221; onclick=&#8221;link_image&#8221;][vc_empty_space height=&#8221;5px&#8221;]<h2 class=\"eltdf-custom-font-holder\" style=\"font-family: dosis;font-size: 16px\" data-font-size=16>\n\tJUN 2016 \u2014 N\u00ba11<\/h2>[vc_empty_space][vc_empty_space][vc_single_image image=&#8221;4172&#8243; img_size=&#8221;large&#8221; add_caption=&#8221;yes&#8221; onclick=&#8221;link_image&#8221;][vc_empty_space height=&#8221;5px&#8221;]<h2 class=\"eltdf-custom-font-holder\" style=\"font-family: dosis;font-size: 16px\" data-font-size=16>\n\tFEB 2015 \u2014 N\u00ba774<\/h2>[vc_empty_space][vc_empty_space][vc_empty_space][\/vc_column][vc_column width=&#8221;1\/4&#8243;][vc_single_image image=&#8221;4169&#8243; img_size=&#8221;large&#8221; add_caption=&#8221;yes&#8221; onclick=&#8221;link_image&#8221;][vc_empty_space height=&#8221;5px&#8221;]<h2 class=\"eltdf-custom-font-holder\" style=\"font-family: dosis;font-size: 16px\" data-font-size=16>\n\tDEC 2015 \u2014 N\u00ba10<\/h2>[vc_empty_space][vc_empty_space][vc_single_image image=&#8221;4171&#8243; img_size=&#8221;large&#8221; add_caption=&#8221;yes&#8221; onclick=&#8221;link_image&#8221;][vc_empty_space height=&#8221;5px&#8221;]<h2 class=\"eltdf-custom-font-holder\" style=\"font-family: dosis;font-size: 16px\" data-font-size=16>\n\tJAN 2015 \u2014 N\u00ba773<\/h2>[vc_empty_space][vc_empty_space][vc_empty_space][\/vc_column][vc_column width=&#8221;1\/4&#8243;][vc_single_image image=&#8221;4170&#8243; img_size=&#8221;large&#8221; add_caption=&#8221;yes&#8221; onclick=&#8221;link_image&#8221;][vc_empty_space height=&#8221;5px&#8221;]<h2 class=\"eltdf-custom-font-holder\" style=\"font-family: dosis;font-size: 16px\" data-font-size=16>\n\tAPR 2015 \u2014 N\u00ba776<\/h2>[vc_empty_space][vc_empty_space][vc_empty_space][vc_empty_space][\/vc_column][\/vc_row]<\/p>\n<\/div>","protected":false},"excerpt":{"rendered":"<p>[vc_row css=&#8221;.vc_custom_1528996830021{background-color: #fbfbfb !important;}&#8221;][vc_column][vc_row_inner row_content_width=&#8221;grid&#8221;][vc_column_inner width=&#8221;1\/2&#8243;][vc_column_text]A Felmini tem sido retratada na imprensa nacional e internacional como um exemplo a seguir na superioridade artesanal que \u00e9 evidente em todos os seus sapatos, gra\u00e7as a uma enorme paix\u00e3o e tremenda dedica\u00e7\u00e3o. Se [&hellip;]<\/p>\n","protected":false},"author":1,"featured_media":0,"parent":0,"menu_order":0,"comment_status":"closed","ping_status":"closed","template":"","meta":{"footnotes":""},"class_list":["post-3594","page","type-page","status-publish","hentry"],"_links":{"self":[{"href":"https:\/\/www.felmini.com\/pt\/wp-json\/wp\/v2\/pages\/3594","targetHints":{"allow":["GET"]}}],"collection":[{"href":"https:\/\/www.felmini.com\/pt\/wp-json\/wp\/v2\/pages"}],"about":[{"href":"https:\/\/www.felmini.com\/pt\/wp-json\/wp\/v2\/types\/page"}],"author":[{"embeddable":true,"href":"https:\/\/www.felmini.com\/pt\/wp-json\/wp\/v2\/users\/1"}],"replies":[{"embeddable":true,"href":"https:\/\/www.felmini.com\/pt\/wp-json\/wp\/v2\/comments?post=3594"}],"version-history":[{"count":42,"href":"https:\/\/www.felmini.com\/pt\/wp-json\/wp\/v2\/pages\/3594\/revisions"}],"predecessor-version":[{"id":4567,"href":"https:\/\/www.felmini.com\/pt\/wp-json\/wp\/v2\/pages\/3594\/revisions\/4567"}],"wp:attachment":[{"href":"https:\/\/www.felmini.com\/pt\/wp-json\/wp\/v2\/media?parent=3594"}],"curies":[{"name":"wp","href":"https:\/\/api.w.org\/{rel}","templated":true}]}}