{"id":8153,"date":"2024-07-08T17:54:17","date_gmt":"2024-07-08T17:54:17","guid":{"rendered":"https:\/\/www.felmini.com\/?page_id=8153"},"modified":"2024-12-03T11:56:00","modified_gmt":"2024-12-03T11:56:00","slug":"politica-ambiental","status":"publish","type":"page","link":"https:\/\/www.felmini.com\/en\/politica-ambiental\/","title":{"rendered":"Politica Ambiental"},"content":{"rendered":"<div class=\"wpb-content-wrapper\"><p>[vc_row content_text_aligment=&#8221;center&#8221;][vc_column]<div class=\"eltdf-parallax-holder eltdf-vertical-middle-align\" data-parallax-speed=\"1\" style=\"background-image: url(https:\/\/www.felmini.com\/wp-content\/uploads\/2021\/05\/FOTO-9_SUSTENTABILIDADE-FELMINI.jpg);min-height: 500px;height: 500px\">\n\t<div class=\"eltdf-parallax-inner\">\n\t\t<div class=\"eltdf-elements-holder eltdf-one-column eltdf-responsive-mode-768\" ><div class=\"eltdf-eh-item eltdf-horizontal-alignment-center\"  data-item-class=\"eltdf-eh-custom-758393\" data-1280-1600=\"15% 30% 15% 30%\" data-1024-1280=\"2.7% 26% 4.4% 26%\" data-768-1024=\"14% 20% 15% 20%\" data-600-768=\"14% 20% 15% 20%\" data-480-600=\"14% 13% 16% 13%\" data-480=\"14% 13% 16% 13%\">\n\t<div class=\"eltdf-eh-item-inner\">\n\t\t<div class=\"eltdf-eh-item-content eltdf-eh-custom-758393\" style=\"padding: 14% 36% 15% 38%\">\n\t\t\t[vc_column_text css=&#8221;.vc_custom_1720461675633{margin-right: 32px !important;margin-left: 32px !important;border-right-width: 32px !important;border-left-width: 32px !important;padding-right: 32px !important;padding-left: 32px !important;}&#8221;][\/vc_column_text][vc_column_text css=&#8221;&#8221;]<\/p>\n<h2 style=\"text-align: center;\"><span style=\"color: #ffffff;\">POL\u00cdTICA AMBIENTAL<\/span><\/h2>\n<p>[\/vc_column_text]<div class=\"eltdf-separator-holder clearfix  eltdf-separator-center eltdf-separator-normal\">\n\t<div class=\"eltdf-separator\" style=\"border-color: #ffffff;width: 10%;border-bottom-width: 3px\"><\/div>\n<\/div>\n\t\t<\/div>\n\t<\/div>\n<\/div><\/div>\t<\/div>\n<\/div>\n[\/vc_column][\/vc_row][vc_row css=&#8221;.vc_custom_1733226689874{margin-top: 100px !important;margin-right: 100px !important;margin-bottom: 100px !important;margin-left: 100px !important;}&#8221;][vc_column]<div class=\"eltdf-elements-holder eltdf-one-column eltdf-responsive-mode-768\" ><div class=\"eltdf-eh-item \"  data-item-class=\"eltdf-eh-custom-878810\">\n\t<div class=\"eltdf-eh-item-inner\">\n\t\t<div class=\"eltdf-eh-item-content eltdf-eh-custom-878810\" >\n\t\t\t[vc_column_text css=&#8221;&#8221;]<\/p>\n<h2 class=\"p2\" style=\"text-align: left;\"><b>POL\u00cdTICA<\/b><b> <\/b><span class=\"s2\"><b>AMBIENTAL<\/b><\/span><\/h2>\n<p class=\"p3\" style=\"text-align: left;\">A Administra\u00e7\u00e3o da J. MOREIRA S.A. garante a divulga\u00e7\u00e3o e compreens\u00e3o da Pol\u00edtica Ambiental, bem como o \u00c2mbito do Sistema de Gest\u00e3o Ambiental a todas as partes interessadas.<\/p>\n<p>&nbsp;<\/p>\n<h3 class=\"p4\" style=\"text-align: left;\"><b>\u00c2MBITO<\/b><b> <\/b><b>DO<\/b><b> <\/b><b>SISTEMA<\/b><b> <\/b><b>DE<\/b><b> <\/b><b>GEST\u00c3O<\/b><b> <\/b><span class=\"s2\"><b>AMBIENTAL<\/b><\/span><\/h3>\n<p class=\"p3\" style=\"text-align: left;\">O Sistema de Gest\u00e3o Ambiental da organiza\u00e7\u00e3o aplica-se ao Design, Desenvolvimento, Fabrica\u00e7\u00e3o e Comercializa\u00e7\u00e3o de Cal\u00e7ado.<\/p>\n<p>&nbsp;<\/p>\n<h4 class=\"p5\" style=\"text-align: left;\"><b>A<\/b><b> <\/b><b>Pol\u00edtica<\/b><b> <\/b><b>Ambiental<\/b><b> <\/b><b>assenta<\/b><b> <\/b><b>nos<\/b><b> <\/b><b>seguintes<\/b><b> <\/b><span class=\"s2\"><b>compromissos:<\/b><\/span><\/h4>\n<p class=\"p6\" style=\"text-align: left;\">&#8211; Cumprir com a legisla\u00e7\u00e3o ambiental vigente aplic\u00e1vel e demais obriga\u00e7\u00f5es de conformidade;<\/p>\n<p class=\"p7\" style=\"text-align: left;\">&#8211; Implementar medidas que permitam minimizar os impactos ambientais adversos inerentes \u00e0 sua atividade, promovendo o desenvolvimento sustent\u00e1vel e justo;<\/p>\n<p class=\"p7\" style=\"text-align: left;\">&#8211; Uso sustent\u00e1vel de recursos, nomeadamente energia, \u00e1gua, materiais e solventes;<\/p>\n<p class=\"p7\" style=\"text-align: left;\">&#8211; Aplicar uma correta gest\u00e3o de res\u00edduos gerados, minimizando a sua produ\u00e7\u00e3o e dando-lhes o destino final adequado, se poss\u00edvel optar por solu\u00e7\u00f5es de valoriza\u00e7\u00e3o;<\/p>\n<p class=\"p7\" style=\"text-align: left;\">&#8211; Incorporar nos produtos desenvolvidos, materiais ecol\u00f3gicos ou de menor impacto nocivo para o ambiente;<\/p>\n<p class=\"p7\" style=\"text-align: left;\">&#8211; Adequado armazenamento e manuseamento de produtos potencialmente perigosos para o ambiente;<\/p>\n<p class=\"p7\" style=\"text-align: left;\">&#8211; Assegurar a forma\u00e7\u00e3o cont\u00ednua dos colaboradores, incentivando a responsabiliza\u00e7\u00e3o, o trabalho em equipa e consciencializa\u00e7\u00e3o para as quest\u00f5es ambientais;<\/p>\n<p class=\"p7\" style=\"text-align: left;\">&#8211; Proteger o ambiente, incluindo a preven\u00e7\u00e3o da polui\u00e7\u00e3o, atrav\u00e9s do uso de novas tecnologias e alternativas mais sustent\u00e1veis;<\/p>\n<p class=\"p7\" style=\"text-align: left;\">&#8211; Melhorar, de forma cont\u00ednua, o Sistema de Gest\u00e3o Ambiental (Norma NP EN ISO 14001) fixando metas e objetivos e avaliando o seu desempenho e cumprimento.<\/p>\n<p>&nbsp;<\/p>\n<p class=\"p9\" style=\"text-align: left;\"><strong>A Administra\u00e7\u00e3o<\/strong><\/p>\n<p>[\/vc_column_text]\t\t<\/div>\n\t<\/div>\n<\/div><\/div>[\/vc_column][\/vc_row]<\/p>\n<\/div>","protected":false},"excerpt":{"rendered":"<p>[vc_row content_text_aligment=&#8221;center&#8221;][vc_column][\/vc_column][\/vc_row][vc_row css=&#8221;.vc_custom_1733226689874{margin-top: 100px !important;margin-right: 100px !important;margin-bottom: 100px !important;margin-left: 100px !important;}&#8221;][vc_column][\/vc_column][\/vc_row]<\/p>\n","protected":false},"author":1,"featured_media":0,"parent":0,"menu_order":0,"comment_status":"closed","ping_status":"closed","template":"full-width.php","meta":{"footnotes":""},"class_list":["post-8153","page","type-page","status-publish","hentry"],"_links":{"self":[{"href":"https:\/\/www.felmini.com\/en\/wp-json\/wp\/v2\/pages\/8153","targetHints":{"allow":["GET"]}}],"collection":[{"href":"https:\/\/www.felmini.com\/en\/wp-json\/wp\/v2\/pages"}],"about":[{"href":"https:\/\/www.felmini.com\/en\/wp-json\/wp\/v2\/types\/page"}],"author":[{"embeddable":true,"href":"https:\/\/www.felmini.com\/en\/wp-json\/wp\/v2\/users\/1"}],"replies":[{"embeddable":true,"href":"https:\/\/www.felmini.com\/en\/wp-json\/wp\/v2\/comments?post=8153"}],"version-history":[{"count":40,"href":"https:\/\/www.felmini.com\/en\/wp-json\/wp\/v2\/pages\/8153\/revisions"}],"predecessor-version":[{"id":8347,"href":"https:\/\/www.felmini.com\/en\/wp-json\/wp\/v2\/pages\/8153\/revisions\/8347"}],"wp:attachment":[{"href":"https:\/\/www.felmini.com\/en\/wp-json\/wp\/v2\/media?parent=8153"}],"curies":[{"name":"wp","href":"https:\/\/api.w.org\/{rel}","templated":true}]}}